{"id":1074,"date":"2019-10-14T18:27:25","date_gmt":"2019-10-14T16:27:25","guid":{"rendered":"http:\/\/florentmartinet-etiopathe.com\/?page_id=1074"},"modified":"2023-04-25T11:33:20","modified_gmt":"2023-04-25T09:33:20","slug":"quelle-difference-entre-etiopathie-osteopathie","status":"publish","type":"page","link":"https:\/\/florentmartinet-etiopathe.com\/index.php\/quelle-difference-entre-etiopathie-osteopathie\/","title":{"rendered":"Quelle diff\u00e9rence entre l&rsquo;\u00e9tiopathie et l&rsquo;ost\u00e9opathie ?"},"content":{"rendered":"<div class=\"flex_column av_one_full  flex_column_div av-zero-column-padding first  \" style='border-radius:0px; '><section class=\"av_textblock_section \"  itemscope=\"itemscope\" itemtype=\"https:\/\/schema.org\/CreativeWork\" ><div class='avia_textblock  '  style='font-size:16px; '  itemprop=\"text\" ><h2>Quelle est la diff\u00e9rence entre l&rsquo;\u00e9tiopathie et l&rsquo;ost\u00e9opathie ?<\/h2>\n<p>L&rsquo;\u00e9tiopathie et l&rsquo;ost\u00e9opathie sont deux th\u00e9rapies manuelles qui pr\u00e9sentent de nombreux points communs. Elles sont donc souvent confondues l&rsquo;une avec l&rsquo;autre.<\/p>\n<p>Pourtant, l&rsquo;\u00e9tiopathie et l&rsquo;ost\u00e9opathie pr\u00e9sentent de nombreuses diff\u00e9rences. Celles-ci sont pr\u00e9sentes aussi bien au niveau de la formation que de l&rsquo;approche de la maladie ainsi que des traitements.<\/p>\n<h3>Philosophie de l&rsquo;ost\u00e9opathie : globalit\u00e9<\/h3>\n<p>L&rsquo;approche ost\u00e9opathique de la maladie est une approche globale.<\/p>\n<p>Pour l&rsquo;ost\u00e9opathe, une douleur est toujours caus\u00e9e par un d\u00e9s\u00e9quilibre global du corps. Ainsi, pour traiter son patient, qu&rsquo;il pr\u00e9sente une douleur \u00e0 l&rsquo;\u00e9paule, au ventre ou dans le dos son approche sera toujours identique.<\/p>\n<p>Il va v\u00e9rifier l&rsquo;\u00e9quilibre de vos articulations de la t\u00eate aux pieds et v\u00e9rifier le bon fonctionnement de vos organes digestifs.<\/p>\n<p>Le traitement ost\u00e9opathique consistera ensuite \u00e0 r\u00e9\u00e9quilibrer tout ce qui ne l&rsquo;est pas.<\/p>\n<h3>Philosophie de l&rsquo;\u00e9tiopathie : pr\u00e9cision<\/h3>\n<p>L&rsquo;approche \u00e9tiopathique de la maladie est une approche causale. En effet, \u00ab\u00a0\u00e9tio\u00a0\u00bb veut dire cause en latin et \u00ab\u00a0pathos\u00a0\u00bb peut se traduire par maladie.<\/p>\n<p>Donc en \u00e9tiopathie, la cause d&rsquo;une douleur n&rsquo;est pas expliqu\u00e9e par un d\u00e9s\u00e9quilibre global mais par une seule cause bien pr\u00e9cise qu&rsquo;il faudra identifier.<\/p>\n<p>Pour l&rsquo;\u00e9tiopathe, le corps humain est d\u00e9s\u00e9quilibr\u00e9 de nature. Nous sommes tous droitiers et gauchers des membres sup\u00e9rieurs mais aussi des membres inf\u00e9rieurs.\u00a0Ainsi, les muscles sont donc plus d\u00e9velopp\u00e9s d&rsquo;un c\u00f4t\u00e9 que de l&rsquo;autre, ce qui produit une asym\u00e9trie du bassin et de la colonne chez tout le monde. Nous avons tous une jambe plus longue que l&rsquo;autre.<\/p>\n<p>L&rsquo;asym\u00e9trie du corps humain est une chose normale. \u00a0La cause d&rsquo;une douleur ne provient donc pas d&rsquo;un d\u00e9s\u00e9quilibre global mais d&rsquo;une cause bien pr\u00e9cise qui d\u00e9coule d&rsquo;un traumatisme ou de mauvaises positions maintenues dans le temps.<\/p>\n<h3>Formation des ost\u00e9opathes<\/h3>\n<p>La formation des ost\u00e9opathe en France est in\u00e9gale. La dur\u00e9e des \u00e9tudes et les programmes diff\u00e8rent selon les \u00e9coles d&rsquo;ost\u00e9opathie.<\/p>\n<p>Ainsi, il est possible de tomber sous l\u2019appellation d&rsquo;ost\u00e9opathe des praticiens travaillant d&rsquo;une fa\u00e7on tr\u00e8s \u00e9loign\u00e9e l&rsquo;un de l&rsquo;autre.<\/p>\n<p>Tout d\u00e9pend de l&rsquo;\u00e9cole dont est issu l&rsquo;ost\u00e9opathe !<\/p>\n<h3>Formation des \u00e9tiopathes<\/h3>\n<p>La formation d&rsquo;\u00e9tiopathe dure 6 ans et est dispens\u00e9e dans l&rsquo;une des 4 \u00e9coles d&rsquo;\u00e9tiopathie de France. Celles-ci d\u00e9livrent les m\u00eames enseignements et les examens sont nationaux.<\/p>\n<p>Ainsi, les \u00e9tiopathes de Lille \u00e0 Perpignan ont tous re\u00e7us la m\u00eame formation et travaillent tous de la m\u00eame mani\u00e8re.<\/p>\n<h3>Le traitement ost\u00e9opathique : global<\/h3>\n<p>Le traitement effectu\u00e9 par un ost\u00e9opathe est un traitement global du corps.<\/p>\n<p>En fonction de sa formation, l&rsquo;ost\u00e9opathe peut se servir de techniques manuelles d&rsquo;\u00e9tirements, de massages, de l\u00e9g\u00e8res vibrations, de man\u0153uvres cr\u00e2niennes, d\u2019acupuncture, de fasciath\u00e9rapie ou de r\u00e9flexologie.<\/p>\n<p>Il arrive parfois que l&rsquo;ost\u00e9opathe prescrive \u00e9galement des compl\u00e9ments alimentaires et consacre une partie de la consultation \u00e0 la psychologie.<\/p>\n<h3>Le traitement \u00e9tiopathique : pr\u00e9cis<\/h3>\n<p>L&rsquo;\u00e9tiopathe est un expert des manipulations articulaires et visc\u00e9rales. Le traitement effectu\u00e9 par un \u00e9tiopathe est un traitement manuel pr\u00e9cis, indolore et efficace.<\/p>\n<p>L&rsquo;\u00e9tiopathe excelle dans sa sp\u00e9cialit\u00e9. Cependant il n&rsquo;est pas nutritionniste, ni kin\u00e9sith\u00e9rapeuthe, ni psychologue.<\/p>\n<h3>Quelques exemples pour mieux comprendre<\/h3>\n<\/div><\/section><\/div>\n<div class='avia-button-wrap avia-button-center '><a href='https:\/\/prendre-mon-rdv.com\/florent-martinet-etiopathe-paris\/etiopathe\/paris' class='avia-button avia-button-fullwidth   avia-icon_select-no avia-color-custom '  style='color:#ffffff; background-color:#2985e8;  ' ><span class='avia_iconbox_title' >Prenez Rendez-vous<\/span><span class='avia_button_background avia-button avia-button-fullwidth avia-color-blue' ><\/span><\/a><\/div>\n<div  class='hr hr-default  '><span class='hr-inner ' ><span class='hr-inner-style'><\/span><\/span><\/div>\n<div class=\"flex_column av_one_full  flex_column_div av-zero-column-padding first  \" style='border-radius:0px; '><section class=\"av_textblock_section \"  itemscope=\"itemscope\" itemtype=\"https:\/\/schema.org\/CreativeWork\" ><div class='avia_textblock  '  style='font-size:16px; '  itemprop=\"text\" ><p>Florent Martinet est \u00e9tiopathe \u00e0 Paris et \u00e0 Poissy.<\/p>\n<p>Son cabinet d&rsquo;\u00e9tiopathie principal est situ\u00e9 au 4 rue de Hanovre \u00e0 Paris 75002. Cette ruelle est situ\u00e9e dans le deuxi\u00e8me arrondissement de Paris entre les grands boulevards et la place de l&rsquo;Op\u00e9ra Garnier.<\/p>\n<p>Le cabinet des\u00a0Yvelines\u00a0est situ\u00e9 dans le centre ville de Poissy au 1 rue du Temple. Il est facilement accessible depuis les villes de Carri\u00e8res-sous-Poissy, Villennes, Triel sur Seine, Chambourcy, Orgeval ou Saint-germain en Laye.<\/p>\n<p>La prise de rendez-vous se fait au 06 68 95 61 88 ou en cliquant sur ce lien : <a href=\"https:\/\/www.doctolib.fr\/etiopathe\/paris\/florent-martinet\">Doctolib<\/a><\/p>\n<\/div><\/section><\/div>\n<div  class='hr hr-default  '><span class='hr-inner ' ><span class='hr-inner-style'><\/span><\/span><\/div>\n<div class='flex_column_table av-equal-height-column-flextable -flextable' ><div class=\"flex_column av_one_third  flex_column_table_cell av-equal-height-column av-align-middle av-zero-column-padding first  \" style='border-radius:0px; '><div class='avia-image-container  av-styling-    avia-align-center '  itemscope=\"itemscope\" itemtype=\"https:\/\/schema.org\/ImageObject\"  ><div class='avia-image-container-inner'><a href='https:\/\/florentmartinet-etiopathe.com\/index.php\/martinet-praticien\/' class='avia_image'   target=\"_blank\" ><img class='avia_image ' src='https:\/\/i0.wp.com\/florentmartinet-etiopathe.com\/wp-content\/uploads\/2019\/05\/profil2-e1558517624603.jpg?fit=232%2C300&ssl=1' alt='' title=''  itemprop=\"thumbnailUrl\"  \/><\/a><\/div><\/div><\/div><\/div><!--close column table wrapper. Autoclose: 1 -->\n<div class='flex_column_table av-equal-height-column-flextable -flextable' ><div class='av-flex-placeholder'><\/div><div class=\"flex_column av_one_third  flex_column_table_cell av-equal-height-column av-align-middle av-zero-column-padding   \" style='border-radius:0px; '><section class=\"av_textblock_section \"  itemscope=\"itemscope\" itemtype=\"https:\/\/schema.org\/CreativeWork\" ><div class='avia_textblock  '   itemprop=\"text\" ><h3 style=\"text-align: center;\">Florent Martinet<\/h3>\n<h3 style=\"text-align: center;\">\u00c9tiopathe, Professeur d&rsquo;Anatomie Clinique<\/h3>\n<p style=\"text-align: center;\">4 rue de Hanovre 75002 Paris<\/p>\n<p style=\"text-align: center;\">1 rue du Temple 78300 Poissy<\/p>\n<\/div><\/section><\/div><\/div><!--close column table wrapper. Autoclose: 1 -->\n<div class='flex_column_table av-equal-height-column-flextable -flextable' ><div class='av-flex-placeholder'><\/div><div class=\"flex_column av_one_third  flex_column_table_cell av-equal-height-column av-align-middle av-zero-column-padding   \" style='border-radius:0px; '><div class='avia-image-container  av-styling-    avia-align-center '  itemscope=\"itemscope\" itemtype=\"https:\/\/schema.org\/ImageObject\"  ><div class='avia-image-container-inner'><a href='https:\/\/prendre-mon-rdv.com\/florent-martinet-etiopathe-paris\/etiopathe\/paris' class='avia_image'   target=\"_blank\" ><img class='avia_image ' src='https:\/\/i0.wp.com\/florentmartinet-etiopathe.com\/wp-content\/uploads\/2023\/04\/PRENDREMONRDV.png?fit=588%2C441&ssl=1' alt='' title='PRENDREMONRDV'  itemprop=\"thumbnailUrl\"  \/><\/a><\/div><\/div><\/div><\/div><!--close column table wrapper. Autoclose: 1 -->\n","protected":false},"excerpt":{"rendered":"","protected":false},"author":1,"featured_media":0,"parent":0,"menu_order":0,"comment_status":"closed","ping_status":"closed","template":"","meta":{"_mi_skip_tracking":false},"yoast_head":"<!-- This site is optimized with the Yoast SEO plugin v19.6 - https:\/\/yoast.com\/wordpress\/plugins\/seo\/ -->\n<title>Quelle est la diff\u00e9rence entre l&#039;\u00e9tiopathie et l&#039;ost\u00e9opathie ?<\/title>\n<meta name=\"description\" content=\"D\u00e9couvrez les points communs mais aussi les nombreuses diff\u00e9rences entre ces deux professions que sont l&#039;\u00e9tiopathie et l&#039;ost\u00e9opathie !\" \/>\n<meta name=\"robots\" content=\"index, follow, max-snippet:-1, max-image-preview:large, max-video-preview:-1\" \/>\n<link rel=\"canonical\" href=\"http:\/\/florentmartinet-etiopathe.com\/index.php\/quelle-difference-entre-etiopathie-osteopathie\/\" \/>\n<meta property=\"og:locale\" content=\"fr_FR\" \/>\n<meta property=\"og:type\" content=\"article\" \/>\n<meta property=\"og:title\" content=\"Quelle est la diff\u00e9rence entre l&#039;\u00e9tiopathie et l&#039;ost\u00e9opathie ?\" \/>\n<meta property=\"og:description\" content=\"D\u00e9couvrez les points communs mais aussi les nombreuses diff\u00e9rences entre ces deux professions que sont l&#039;\u00e9tiopathie et l&#039;ost\u00e9opathie !\" \/>\n<meta property=\"og:url\" content=\"http:\/\/florentmartinet-etiopathe.com\/index.php\/quelle-difference-entre-etiopathie-osteopathie\/\" \/>\n<meta property=\"og:site_name\" content=\"Florent Martinet \u00e9tiopathe \u00e0 Paris Op\u00e9ra et \u00e0 Poissy dans les Yvelines\" \/>\n<meta property=\"article:modified_time\" content=\"2023-04-25T09:33:20+00:00\" \/>\n<meta name=\"twitter:card\" content=\"summary\" \/>\n<meta name=\"twitter:label1\" content=\"Dur\u00e9e de lecture estim\u00e9e\" \/>\n\t<meta name=\"twitter:data1\" content=\"5 minutes\" \/>\n<script type=\"application\/ld+json\" class=\"yoast-schema-graph\">{\"@context\":\"https:\/\/schema.org\",\"@graph\":[{\"@type\":\"WebPage\",\"@id\":\"http:\/\/florentmartinet-etiopathe.com\/index.php\/quelle-difference-entre-etiopathie-osteopathie\/\",\"url\":\"http:\/\/florentmartinet-etiopathe.com\/index.php\/quelle-difference-entre-etiopathie-osteopathie\/\",\"name\":\"Quelle est la diff\u00e9rence entre l'\u00e9tiopathie et l'ost\u00e9opathie ?\",\"isPartOf\":{\"@id\":\"http:\/\/florentmartinet-etiopathe.com\/#website\"},\"datePublished\":\"2019-10-14T16:27:25+00:00\",\"dateModified\":\"2023-04-25T09:33:20+00:00\",\"description\":\"D\u00e9couvrez les points communs mais aussi les nombreuses diff\u00e9rences entre ces deux professions que sont l'\u00e9tiopathie et l'ost\u00e9opathie !\",\"breadcrumb\":{\"@id\":\"http:\/\/florentmartinet-etiopathe.com\/index.php\/quelle-difference-entre-etiopathie-osteopathie\/#breadcrumb\"},\"inLanguage\":\"fr-FR\",\"potentialAction\":[{\"@type\":\"ReadAction\",\"target\":[\"http:\/\/florentmartinet-etiopathe.com\/index.php\/quelle-difference-entre-etiopathie-osteopathie\/\"]}]},{\"@type\":\"BreadcrumbList\",\"@id\":\"http:\/\/florentmartinet-etiopathe.com\/index.php\/quelle-difference-entre-etiopathie-osteopathie\/#breadcrumb\",\"itemListElement\":[{\"@type\":\"ListItem\",\"position\":1,\"name\":\"Accueil\",\"item\":\"http:\/\/florentmartinet-etiopathe.com\/\"},{\"@type\":\"ListItem\",\"position\":2,\"name\":\"Quelle diff\u00e9rence entre l&rsquo;\u00e9tiopathie et l&rsquo;ost\u00e9opathie ?\"}]},{\"@type\":\"WebSite\",\"@id\":\"http:\/\/florentmartinet-etiopathe.com\/#website\",\"url\":\"http:\/\/florentmartinet-etiopathe.com\/\",\"name\":\"Florent Martinet \u00e9tiopathe \u00e0 Paris Op\u00e9ra et \u00e0 Poissy dans les Yvelines\",\"description\":\"cabinet d&#039;\u00e9tiopathie : mal de dos, sciatique, vertiges, torticolis, lumbago, troubles musculo-squelettiques\",\"potentialAction\":[{\"@type\":\"SearchAction\",\"target\":{\"@type\":\"EntryPoint\",\"urlTemplate\":\"http:\/\/florentmartinet-etiopathe.com\/?s={search_term_string}\"},\"query-input\":\"required name=search_term_string\"}],\"inLanguage\":\"fr-FR\"}]}<\/script>\n<!-- \/ Yoast SEO plugin. -->","yoast_head_json":{"title":"Quelle est la diff\u00e9rence entre l'\u00e9tiopathie et l'ost\u00e9opathie ?","description":"D\u00e9couvrez les points communs mais aussi les nombreuses diff\u00e9rences entre ces deux professions que sont l'\u00e9tiopathie et l'ost\u00e9opathie !","robots":{"index":"index","follow":"follow","max-snippet":"max-snippet:-1","max-image-preview":"max-image-preview:large","max-video-preview":"max-video-preview:-1"},"canonical":"http:\/\/florentmartinet-etiopathe.com\/index.php\/quelle-difference-entre-etiopathie-osteopathie\/","og_locale":"fr_FR","og_type":"article","og_title":"Quelle est la diff\u00e9rence entre l'\u00e9tiopathie et l'ost\u00e9opathie ?","og_description":"D\u00e9couvrez les points communs mais aussi les nombreuses diff\u00e9rences entre ces deux professions que sont l'\u00e9tiopathie et l'ost\u00e9opathie !","og_url":"http:\/\/florentmartinet-etiopathe.com\/index.php\/quelle-difference-entre-etiopathie-osteopathie\/","og_site_name":"Florent Martinet \u00e9tiopathe \u00e0 Paris Op\u00e9ra et \u00e0 Poissy dans les Yvelines","article_modified_time":"2023-04-25T09:33:20+00:00","twitter_card":"summary","twitter_misc":{"Dur\u00e9e de lecture estim\u00e9e":"5 minutes"},"schema":{"@context":"https:\/\/schema.org","@graph":[{"@type":"WebPage","@id":"http:\/\/florentmartinet-etiopathe.com\/index.php\/quelle-difference-entre-etiopathie-osteopathie\/","url":"http:\/\/florentmartinet-etiopathe.com\/index.php\/quelle-difference-entre-etiopathie-osteopathie\/","name":"Quelle est la diff\u00e9rence entre l'\u00e9tiopathie et l'ost\u00e9opathie ?","isPartOf":{"@id":"http:\/\/florentmartinet-etiopathe.com\/#website"},"datePublished":"2019-10-14T16:27:25+00:00","dateModified":"2023-04-25T09:33:20+00:00","description":"D\u00e9couvrez les points communs mais aussi les nombreuses diff\u00e9rences entre ces deux professions que sont l'\u00e9tiopathie et l'ost\u00e9opathie !","breadcrumb":{"@id":"http:\/\/florentmartinet-etiopathe.com\/index.php\/quelle-difference-entre-etiopathie-osteopathie\/#breadcrumb"},"inLanguage":"fr-FR","potentialAction":[{"@type":"ReadAction","target":["http:\/\/florentmartinet-etiopathe.com\/index.php\/quelle-difference-entre-etiopathie-osteopathie\/"]}]},{"@type":"BreadcrumbList","@id":"http:\/\/florentmartinet-etiopathe.com\/index.php\/quelle-difference-entre-etiopathie-osteopathie\/#breadcrumb","itemListElement":[{"@type":"ListItem","position":1,"name":"Accueil","item":"http:\/\/florentmartinet-etiopathe.com\/"},{"@type":"ListItem","position":2,"name":"Quelle diff\u00e9rence entre l&rsquo;\u00e9tiopathie et l&rsquo;ost\u00e9opathie ?"}]},{"@type":"WebSite","@id":"http:\/\/florentmartinet-etiopathe.com\/#website","url":"http:\/\/florentmartinet-etiopathe.com\/","name":"Florent Martinet \u00e9tiopathe \u00e0 Paris Op\u00e9ra et \u00e0 Poissy dans les Yvelines","description":"cabinet d&#039;\u00e9tiopathie : mal de dos, sciatique, vertiges, torticolis, lumbago, troubles musculo-squelettiques","potentialAction":[{"@type":"SearchAction","target":{"@type":"EntryPoint","urlTemplate":"http:\/\/florentmartinet-etiopathe.com\/?s={search_term_string}"},"query-input":"required name=search_term_string"}],"inLanguage":"fr-FR"}]}},"jetpack_sharing_enabled":true,"jetpack_shortlink":"https:\/\/wp.me\/P98MWJ-hk","jetpack_likes_enabled":true,"jetpack-related-posts":[{"id":47,"url":"https:\/\/florentmartinet-etiopathe.com\/","url_meta":{"origin":1074,"position":0},"title":"ACCUEIL","date":"17 ao\u00fbt 2017","format":false,"excerpt":"","rel":"","context":"Article similaire","img":{"alt_text":"","src":"https:\/\/i0.wp.com\/florentmartinet-etiopathe.com\/wp-content\/uploads\/2020\/05\/IMG_20200501_130543.jpg?resize=350%2C200","width":350,"height":200},"classes":[]},{"id":190,"url":"https:\/\/florentmartinet-etiopathe.com\/index.php\/etiopathie\/","url_meta":{"origin":1074,"position":1},"title":"L&rsquo;\u00c9TIOPATHIE","date":"23 ao\u00fbt 2017","format":false,"excerpt":"","rel":"","context":"Article similaire","img":{"alt_text":"","src":"https:\/\/i0.wp.com\/florentmartinet-etiopathe.com\/wp-content\/uploads\/2017\/08\/bae60f_be540807b2b04caab9790b16272b6cf8mv2.jpg?resize=350%2C200","width":350,"height":200},"classes":[]},{"id":633,"url":"https:\/\/florentmartinet-etiopathe.com\/index.php\/quelles-indications\/","url_meta":{"origin":1074,"position":2},"title":"QUELLES INDICATIONS ?","date":"28 novembre 2018","format":false,"excerpt":"","rel":"","context":"Article similaire","img":{"alt_text":"","src":"https:\/\/i0.wp.com\/florentmartinet-etiopathe.com\/wp-content\/uploads\/2023\/04\/PRENDREMONRDV.png?resize=350%2C200","width":350,"height":200},"classes":[]},{"id":61,"url":"https:\/\/florentmartinet-etiopathe.com\/index.php\/letiopathie\/","url_meta":{"origin":1074,"position":3},"title":"DEFINITION","date":"18 ao\u00fbt 2017","format":false,"excerpt":"","rel":"","context":"Article similaire","img":{"alt_text":"","src":"https:\/\/i0.wp.com\/florentmartinet-etiopathe.com\/wp-content\/uploads\/2017\/08\/bae60f_be540807b2b04caab9790b16272b6cf8mv2.jpg?resize=350%2C200","width":350,"height":200},"classes":[]},{"id":64,"url":"https:\/\/florentmartinet-etiopathe.com\/index.php\/motifs-de-consultation\/","url_meta":{"origin":1074,"position":4},"title":"POURQUOI CONSULTER ?","date":"18 ao\u00fbt 2017","format":false,"excerpt":"","rel":"","context":"Article similaire","img":{"alt_text":"","src":"","width":0,"height":0},"classes":[]},{"id":638,"url":"https:\/\/florentmartinet-etiopathe.com\/index.php\/remboursement\/","url_meta":{"origin":1074,"position":5},"title":"TARIFS ET REMBOURSEMENT","date":"3 d\u00e9cembre 2018","format":false,"excerpt":"","rel":"","context":"Article similaire","img":{"alt_text":"","src":"","width":0,"height":0},"classes":[]}],"_links":{"self":[{"href":"https:\/\/florentmartinet-etiopathe.com\/index.php\/wp-json\/wp\/v2\/pages\/1074"}],"collection":[{"href":"https:\/\/florentmartinet-etiopathe.com\/index.php\/wp-json\/wp\/v2\/pages"}],"about":[{"href":"https:\/\/florentmartinet-etiopathe.com\/index.php\/wp-json\/wp\/v2\/types\/page"}],"author":[{"embeddable":true,"href":"https:\/\/florentmartinet-etiopathe.com\/index.php\/wp-json\/wp\/v2\/users\/1"}],"replies":[{"embeddable":true,"href":"https:\/\/florentmartinet-etiopathe.com\/index.php\/wp-json\/wp\/v2\/comments?post=1074"}],"version-history":[{"count":9,"href":"https:\/\/florentmartinet-etiopathe.com\/index.php\/wp-json\/wp\/v2\/pages\/1074\/revisions"}],"predecessor-version":[{"id":8671,"href":"https:\/\/florentmartinet-etiopathe.com\/index.php\/wp-json\/wp\/v2\/pages\/1074\/revisions\/8671"}],"wp:attachment":[{"href":"https:\/\/florentmartinet-etiopathe.com\/index.php\/wp-json\/wp\/v2\/media?parent=1074"}],"curies":[{"name":"wp","href":"https:\/\/api.w.org\/{rel}","templated":true}]}}